{"id":5551,"date":"2025-06-07T22:39:22","date_gmt":"2025-06-07T20:39:22","guid":{"rendered":"https:\/\/voleiboom.com\/noticies\/"},"modified":"2026-02-16T17:44:19","modified_gmt":"2026-02-16T15:44:19","slug":"noticies","status":"publish","type":"page","link":"https:\/\/voleiboom.com\/ca\/noticies\/","title":{"rendered":"Not\u00edcies"},"content":{"rendered":"<div class=\"wpb-content-wrapper\"><p>[vc_row row_background_text_animation=&#8221;yes&#8221;][vc_column]<div class=\"templatera_shortcode\"><style type=\"text\/css\" data-type=\"vc_shortcodes-custom-css\">.vc_custom_1749327180654{padding-top: 80px !important;padding-bottom: 80px !important;}<\/style><div class=\"vc_row wpb_row vc_row-fluid vc_custom_1749327180654 mkdf-row-with-bg-text\" ><div class=\"wpb_column vc_column_container vc_col-sm-12\"><div class=\"vc_column-inner\"><div class=\"wpb_wrapper\"><div class=\"mkdf-row-grid-section-wrapper \" ><div class=\"mkdf-row-grid-section\"><div class=\"vc_row wpb_row vc_inner vc_row-fluid\" ><div class=\"wpb_column vc_column_container vc_col-sm-12\"><div class=\"vc_column-inner\"><div class=\"wpb_wrapper\">\n<div class=\"mkdf-section-title-holder  \" style=\"padding: 0 17%;text-align: center\">\n\t<div class=\"mkdf-st-inner\">\n\t\t\t\t\t<h1 class=\"mkdf-st-title\" >\n\t\t\t\t\t\t\t\t\u00daltimas not\u00edcias\t\t\t<\/h1>\n\t\t\t\t\t\t\t<p class=\"mkdf-st-text\" style=\"color: #7b7b7b;margin-top: 24px\">\n\t\t\t\t\u00a1Mantente al d\u00eda con nuestras \u00faltimas noticias!\r\nDescubre lo m\u00e1s reciente sobre el club y ent\u00e9rate de todo lo que est\u00e1 pasando.\t\t\t<\/p>\n\t\t\t\t\t<\/div>\n<\/div><div class=\"vc_empty_space\"   style=\"height: 40px\"><span class=\"vc_empty_space_inner\"><\/span><\/div><div class=\"mkdf-blog-list-holder mkdf-grid-list mkdf-bl-standard mkdf-three-columns mkdf-disable-bottom-space mkdf-normal-space mkdf-bl-pag-no-pagination\"  data-type=standard data-number-of-posts=3 data-number-of-columns=three data-space-between-items=normal data-orderby=date data-order=DESC data-image-size=custom data-custom-image-width=415px data-custom-image-height=330px data-title-tag=h4 data-excerpt-length=12 data-post-info-section=yes data-post-info-image=yes data-post-info-author=no data-post-info-date=yes data-post-info-category=no data-post-info-comments=no data-post-info-like=no data-post-info-share=no data-pagination-type=no-pagination data-max-num-pages=4 data-next-page=2>\n\t<div class=\"mkdf-bl-wrapper mkdf-outer-space\">\n\t\t<ul class=\"mkdf-blog-list\">\n\t\t\t<li class=\"mkdf-bl-item mkdf-item-space\">\n\t<div class=\"mkdf-bli-inner\">\n\n                <a itemprop=\"url\" href=\"https:\/\/voleiboom.com\/ca\/2026\/03\/\">\n            <div itemprop=\"dateCreated\" class=\"mkdf-post-info-date entry-date\">\n                <div class=\"mkdf-bli-date-day\"> 31 <\/div>\n                <div class=\"mkdf-bli-date-month\"> mar\u00e7 <\/div>\n            <\/div>\n        <\/a>\n        \n\t\t\n\t<div class=\"mkdf-post-image\">\n                    <div itemprop=\"dateCreated\" class=\"mkdf-post-info-date entry-date mkdf-floating-date\">\n                <div class=\"mkdf-bli-date-day\"> 31 <\/div>\n                <div class=\"mkdf-bli-date-month\"> mar\u00e7 <\/div>\n            <\/div>\n        \t\t\t\t\t<a itemprop=\"url\" href=\"https:\/\/voleiboom.com\/ca\/voleiboom-castelldefels-aconsegueix-3-ors-a-la-cinquena-prova-de-la-lliga-federada-de-menors-dhivern-a-vall-dhebron\/\" title=\"VOLEIBOOM CASTELLDEFELS ACONSEGUEIX 3 ORS A LA CINQUENA PROVA DE LA LLIGA FEDERADA DE MENORS D&#8217;HIVERN A VALL D\u2019HEBRON\">\n\t\t\t\t\t<img loading=\"lazy\" decoding=\"async\" src=\"https:\/\/voleiboom.com\/wp-content\/uploads\/2026\/03\/4bb69a61-c40f-425f-b268-c73625812617-415x330.jpg\" alt=\"\" width=\"415\" height=\"330\" \/>\t\t\t\t\t<\/a>\n\t\t\t\t\t<\/div>\n        <div class=\"mkdf-bli-content\">\n                            <div class=\"mkdf-bli-info\">\n\t\t                                <\/div>\n            \t\n\t        \n<h4 itemprop=\"name\" class=\"entry-title mkdf-post-title\" >\n            <a itemprop=\"url\" href=\"https:\/\/voleiboom.com\/ca\/voleiboom-castelldefels-aconsegueix-3-ors-a-la-cinquena-prova-de-la-lliga-federada-de-menors-dhivern-a-vall-dhebron\/\" title=\"VOLEIBOOM CASTELLDEFELS ACONSEGUEIX 3 ORS A LA CINQUENA PROVA DE LA LLIGA FEDERADA DE MENORS D&#8217;HIVERN A VALL D\u2019HEBRON\">\n            VOLEIBOOM CASTELLDEFELS ACONSEGUEIX 3 ORS A LA CINQUENA PROVA DE LA LLIGA FEDERADA DE MENORS D&#8217;HIVERN A VALL D\u2019HEBRON            <\/a>\n    <\/h4>\t\n\t        <div class=\"mkdf-bli-excerpt\">\n\t\t        \t\t<div class=\"mkdf-post-excerpt-holder\">\n\t\t\t<p itemprop=\"description\" class=\"mkdf-post-excerpt\">\n\t\t\t\tGran jornada per als nostres menors a la Lliga Federada de Menors\t\t\t<\/p>\n\t\t<\/div>\n\t\t\t        \t<div class=\"mkdf-post-read-more-button\">\n\t\t<div class=\"mkdf-btn-outer-holder mkdf-btn-outer-simple mkdf-btn-outer-medium\" >    <a itemprop=\"url\" href=\"https:\/\/voleiboom.com\/ca\/voleiboom-castelldefels-aconsegueix-3-ors-a-la-cinquena-prova-de-la-lliga-federada-de-menors-dhivern-a-vall-dhebron\/\" target=\"_self\"  class=\"mkdf-btn mkdf-btn-medium mkdf-btn-simple mkdf-blog-list-button mkdf-btn-right-arrow-transparent\"  >        <span class=\"mkdf-btn-text\">Ver m\u00e1s<\/span>            <\/a>    <div class=\"mkdf-btn-top-line\" ><\/div>    <div class=\"mkdf-btn-right-line\" ><\/div>    <div class=\"mkdf-btn-bottom-line\" ><\/div>    <div class=\"mkdf-btn-left-line\" ><\/div><\/div>\t<\/div>\n\t        <\/div>\n        <\/div>\n\t<\/div>\n<\/li><li class=\"mkdf-bl-item mkdf-item-space\">\n\t<div class=\"mkdf-bli-inner\">\n\n                <a itemprop=\"url\" href=\"https:\/\/voleiboom.com\/ca\/2026\/03\/\">\n            <div itemprop=\"dateCreated\" class=\"mkdf-post-info-date entry-date\">\n                <div class=\"mkdf-bli-date-day\"> 18 <\/div>\n                <div class=\"mkdf-bli-date-month\"> mar\u00e7 <\/div>\n            <\/div>\n        <\/a>\n        \n\t\t\n\t<div class=\"mkdf-post-image\">\n                    <div itemprop=\"dateCreated\" class=\"mkdf-post-info-date entry-date mkdf-floating-date\">\n                <div class=\"mkdf-bli-date-day\"> 18 <\/div>\n                <div class=\"mkdf-bli-date-month\"> mar\u00e7 <\/div>\n            <\/div>\n        \t\t\t\t\t<a itemprop=\"url\" href=\"https:\/\/voleiboom.com\/ca\/voleiboom-castelldefels-aconsegueix-3-ors-a-la-cinquena-prova-de-la-lliga-federada-de-menors-dhivern-a-vall-dhebron-2\/\" title=\"VOLEIBOOM CASTELLDEFELS ACONSEGUEIX 3 ORS A LA CINQUENA PROVA DE LA LLIGA FEDERADA DE MENORS D&#8217;HIVERN A VALL D\u2019HEBRON\">\n\t\t\t\t\t<img loading=\"lazy\" decoding=\"async\" src=\"https:\/\/voleiboom.com\/wp-content\/uploads\/2026\/03\/PHOTO-2026-03-14-17-30-05-415x330.jpg\" alt=\"\" width=\"415\" height=\"330\" \/>\t\t\t\t\t<\/a>\n\t\t\t\t\t<\/div>\n        <div class=\"mkdf-bli-content\">\n                            <div class=\"mkdf-bli-info\">\n\t\t                                <\/div>\n            \t\n\t        \n<h4 itemprop=\"name\" class=\"entry-title mkdf-post-title\" >\n            <a itemprop=\"url\" href=\"https:\/\/voleiboom.com\/ca\/voleiboom-castelldefels-aconsegueix-3-ors-a-la-cinquena-prova-de-la-lliga-federada-de-menors-dhivern-a-vall-dhebron-2\/\" title=\"VOLEIBOOM CASTELLDEFELS ACONSEGUEIX 3 ORS A LA CINQUENA PROVA DE LA LLIGA FEDERADA DE MENORS D&#8217;HIVERN A VALL D\u2019HEBRON\">\n            VOLEIBOOM CASTELLDEFELS ACONSEGUEIX 3 ORS A LA CINQUENA PROVA DE LA LLIGA FEDERADA DE MENORS D&#8217;HIVERN A VALL D\u2019HEBRON            <\/a>\n    <\/h4>\t\n\t        <div class=\"mkdf-bli-excerpt\">\n\t\t        \t\t<div class=\"mkdf-post-excerpt-holder\">\n\t\t\t<p itemprop=\"description\" class=\"mkdf-post-excerpt\">\n\t\t\t\tGran jornada per als nostres menors a la Lliga Federada de Menors\t\t\t<\/p>\n\t\t<\/div>\n\t\t\t        \t<div class=\"mkdf-post-read-more-button\">\n\t\t<div class=\"mkdf-btn-outer-holder mkdf-btn-outer-simple mkdf-btn-outer-medium\" >    <a itemprop=\"url\" href=\"https:\/\/voleiboom.com\/ca\/voleiboom-castelldefels-aconsegueix-3-ors-a-la-cinquena-prova-de-la-lliga-federada-de-menors-dhivern-a-vall-dhebron-2\/\" target=\"_self\"  class=\"mkdf-btn mkdf-btn-medium mkdf-btn-simple mkdf-blog-list-button mkdf-btn-right-arrow-transparent\"  >        <span class=\"mkdf-btn-text\">Ver m\u00e1s<\/span>            <\/a>    <div class=\"mkdf-btn-top-line\" ><\/div>    <div class=\"mkdf-btn-right-line\" ><\/div>    <div class=\"mkdf-btn-bottom-line\" ><\/div>    <div class=\"mkdf-btn-left-line\" ><\/div><\/div>\t<\/div>\n\t        <\/div>\n        <\/div>\n\t<\/div>\n<\/li><li class=\"mkdf-bl-item mkdf-item-space\">\n\t<div class=\"mkdf-bli-inner\">\n\n                <a itemprop=\"url\" href=\"https:\/\/voleiboom.com\/ca\/2026\/02\/\">\n            <div itemprop=\"dateCreated\" class=\"mkdf-post-info-date entry-date\">\n                <div class=\"mkdf-bli-date-day\"> 05 <\/div>\n                <div class=\"mkdf-bli-date-month\"> febr. <\/div>\n            <\/div>\n        <\/a>\n        \n\t\t\n\t<div class=\"mkdf-post-image\">\n                    <div itemprop=\"dateCreated\" class=\"mkdf-post-info-date entry-date mkdf-floating-date\">\n                <div class=\"mkdf-bli-date-day\"> 05 <\/div>\n                <div class=\"mkdf-bli-date-month\"> febr. <\/div>\n            <\/div>\n        \t\t\t\t\t<a itemprop=\"url\" href=\"https:\/\/voleiboom.com\/ca\/campus-de-volei-platja-setmana-santa-2026-a-castelldefels\/\" title=\"Obertes les inscripcions per al campus de v\u00f2lei platja de Setmana Santa 2026 a Castelldefels\">\n\t\t\t\t\t<img loading=\"lazy\" decoding=\"async\" src=\"https:\/\/voleiboom.com\/wp-content\/uploads\/2025\/05\/encuentros-para-pre-minis-Voleiboom-415x330.jpg\" alt=\"\" width=\"415\" height=\"330\" \/>\t\t\t\t\t<\/a>\n\t\t\t\t\t<\/div>\n        <div class=\"mkdf-bli-content\">\n                            <div class=\"mkdf-bli-info\">\n\t\t                                <\/div>\n            \t\n\t        \n<h4 itemprop=\"name\" class=\"entry-title mkdf-post-title\" >\n            <a itemprop=\"url\" href=\"https:\/\/voleiboom.com\/ca\/campus-de-volei-platja-setmana-santa-2026-a-castelldefels\/\" title=\"Obertes les inscripcions per al campus de v\u00f2lei platja de Setmana Santa 2026 a Castelldefels\">\n            Obertes les inscripcions per al campus de v\u00f2lei platja de Setmana Santa 2026 a Castelldefels            <\/a>\n    <\/h4>\t\n\t        <div class=\"mkdf-bli-excerpt\">\n\t\t        \t\t        \t<div class=\"mkdf-post-read-more-button\">\n\t\t<div class=\"mkdf-btn-outer-holder mkdf-btn-outer-simple mkdf-btn-outer-medium\" >    <a itemprop=\"url\" href=\"https:\/\/voleiboom.com\/ca\/campus-de-volei-platja-setmana-santa-2026-a-castelldefels\/\" target=\"_self\"  class=\"mkdf-btn mkdf-btn-medium mkdf-btn-simple mkdf-blog-list-button mkdf-btn-right-arrow-transparent\"  >        <span class=\"mkdf-btn-text\">Ver m\u00e1s<\/span>            <\/a>    <div class=\"mkdf-btn-top-line\" ><\/div>    <div class=\"mkdf-btn-right-line\" ><\/div>    <div class=\"mkdf-btn-bottom-line\" ><\/div>    <div class=\"mkdf-btn-left-line\" ><\/div><\/div>\t<\/div>\n\t        <\/div>\n        <\/div>\n\t<\/div>\n<\/li>\t\t<\/ul>\n\t<\/div>\n\t<\/div><\/div><\/div><\/div><\/div><\/div><\/div><\/div><\/div><\/div><div class=\"mkdf-row-background-text-holder\"><div class=\"mkdf-row-background-text-wrapper  mkdf-row-background-text-vertical  mkdf-row-background-text-animation \"><div class=\"mkdf-row-background-text-wrapper-inner\" style=\"font-size:190px;color:rgba(104,104,104,0.2)\" data-font-size-1440=140px><div class=\"mkdf-row-background-text-1\" style=\"-webkit-text-stroke-color: rgba(104,104,104,0.2)\"><\/div><div class=\"mkdf-row-background-text-2\" style=\"-webkit-text-stroke-color: rgba(104,104,104,0.2)\">BLOG<\/div><\/div><\/div><\/div><\/div><\/div>[\/vc_column][\/vc_row]<\/p>\n<\/div>","protected":false},"excerpt":{"rendered":"Del dilluns 30 de mar\u00e7 al dijous 2 d'abril, es dur\u00e0 a terme un Campus de V\u00f2lei Platja adre\u00e7at a nens i joves de 8 a 17 anys, pensat tant per als que vulguin iniciar-se a la pr\u00e0ctica del v\u00f2lei [...]","protected":false},"author":1,"featured_media":0,"parent":0,"menu_order":0,"comment_status":"closed","ping_status":"closed","template":"full-width.php","meta":{"inline_featured_image":false,"footnotes":""},"class_list":["post-5551","page","type-page","status-publish","hentry"],"_links":{"self":[{"href":"https:\/\/voleiboom.com\/ca\/wp-json\/wp\/v2\/pages\/5551","targetHints":{"allow":["GET"]}}],"collection":[{"href":"https:\/\/voleiboom.com\/ca\/wp-json\/wp\/v2\/pages"}],"about":[{"href":"https:\/\/voleiboom.com\/ca\/wp-json\/wp\/v2\/types\/page"}],"author":[{"embeddable":true,"href":"https:\/\/voleiboom.com\/ca\/wp-json\/wp\/v2\/users\/1"}],"replies":[{"embeddable":true,"href":"https:\/\/voleiboom.com\/ca\/wp-json\/wp\/v2\/comments?post=5551"}],"version-history":[{"count":14,"href":"https:\/\/voleiboom.com\/ca\/wp-json\/wp\/v2\/pages\/5551\/revisions"}],"predecessor-version":[{"id":7244,"href":"https:\/\/voleiboom.com\/ca\/wp-json\/wp\/v2\/pages\/5551\/revisions\/7244"}],"wp:attachment":[{"href":"https:\/\/voleiboom.com\/ca\/wp-json\/wp\/v2\/media?parent=5551"}],"curies":[{"name":"wp","href":"https:\/\/api.w.org\/{rel}","templated":true}]}}