{"id":6154,"date":"2025-07-28T12:38:36","date_gmt":"2025-07-28T10:38:36","guid":{"rendered":"https:\/\/voleiboom.com\/product\/categoria-2x2-menors\/"},"modified":"2026-04-29T10:38:04","modified_gmt":"2026-04-29T08:38:04","slug":"categoria-2x2-menors","status":"publish","type":"product","link":"https:\/\/voleiboom.com\/ca\/producte\/categoria-2x2-menors\/","title":{"rendered":"CATEGORIA 2X2 MENORS"},"content":{"rendered":"<p style=\"text-align: left;\">DIUMENGE 17 DE MAIG (mitja jornada MATINS)<\/p>\n<p style=\"text-align: left;\">&#8211; CATEGORIES DE INICIACI\u00d3: Mini i Sots13 Unisex<\/p>\n<p style=\"text-align: left;\">&#8211; Sots15\/Sots17 Masc i Fem<\/p>\n<p style=\"text-align: left;\"><span style=\"font-weight: 400;\">El preu de la inscripci\u00f3 inclou: Samarreta t\u00e8cnica de tirants, aigua, fruits secs, fruita, asseguran\u00e7a m\u00e8dica de la Federaci\u00f3 i sorteig de regals. En aquest torneig es jugaran 300 punts per al 26\u00e8 circuit Voleiboom i computa per al premi Fidelity.\u00a0<\/span><\/p>\n<p style=\"text-align: left;\">Places limitades.<\/p>\n<p style=\"text-align: left;\">Es garantitza un m\u00ednim de 3 partits.<\/p>\n<p style=\"text-align: left;\">Dirigit a menors fins als 16 anys (o que els facin al 2026).<\/p>\n<p style=\"text-align: left;\"><strong>Tancament inscripcions DIMECRES, 13 DE MAIG A LES 14 HORES O FINS QUE S&#8217;ESGOTIN LES PLACES<\/strong><\/p>\n","protected":false},"excerpt":{"rendered":"<p>Torneig ANANDA by OMODA I JAECOO AUTOVIVO<\/p>\n<h4><\/h4>\n","protected":false},"featured_media":7804,"template":"","meta":{"inline_featured_image":false},"product_cat":[100,101],"product_tag":[],"class_list":{"0":"post-6154","1":"product","2":"type-product","3":"status-publish","4":"has-post-thumbnail","6":"product_cat-26e-circuit-voleiboom","7":"product_cat-events-ca","9":"first","10":"instock","11":"virtual","12":"sold-individually","13":"purchasable","14":"product-type-simple"},"exclude_global_add_ons":false,"addons":[{"name":"Categoria","type":"multiple_choice","position":0,"required":true,"title_format":"label","default":"","description_enable":false,"description":"","placeholder_enable":false,"placeholder":"","display":"select","restrictions_type":"any_text","adjust_price":false,"price":"","price_type":"flat_fee","restrictions":false,"min":"0","max":"0","options":[{"label":"Minis","price":"","price_type":"flat_fee","image":0,"visibility":true},{"label":"Sots13","price":"","price_type":"flat_fee","image":0,"visibility":true},{"label":"Sots15","price":"","price_type":"flat_fee","image":0,"visibility":true},{"label":"Sots17","price":"","price_type":"flat_fee","image":0,"visibility":true}],"id":1755803961},{"name":"Jugador 1","type":"heading","position":1,"required":false,"title_format":"label","default":"","description_enable":false,"description":"","placeholder_enable":false,"placeholder":"","display":"select","restrictions_type":"any_text","adjust_price":false,"price":"","price_type":"flat_fee","restrictions":false,"min":"0","max":"0","options":[],"id":1746484809},{"name":"Nom i cognoms","type":"custom_text","position":2,"required":true,"title_format":"label","default":"","description_enable":false,"description":"","placeholder_enable":false,"placeholder":"","display":"select","restrictions_type":"any_text","adjust_price":false,"price":"","price_type":"flat_fee","restrictions":false,"min":"0","max":"0","options":[],"id":1746005991},{"name":"Email","type":"custom_text","position":3,"required":true,"title_format":"label","default":"","description_enable":false,"description":"","placeholder_enable":false,"placeholder":"","display":"select","restrictions_type":"any_text","adjust_price":false,"price":"","price_type":"flat_fee","restrictions":false,"min":"0","max":"0","options":[],"id":1746005992},{"name":"M\u00f2bil","type":"custom_text","position":4,"required":true,"title_format":"label","default":"","description_enable":false,"description":"","placeholder_enable":false,"placeholder":"","display":"select","restrictions_type":"any_text","adjust_price":false,"price":"","price_type":"flat_fee","restrictions":false,"min":"0","max":"0","options":[],"id":1746005993},{"name":"DNI","type":"custom_text","position":5,"required":true,"title_format":"label","default":"","description_enable":false,"description":"","placeholder_enable":false,"placeholder":"","display":"select","restrictions_type":"any_text","adjust_price":false,"price":"","price_type":"flat_fee","restrictions":false,"min":"0","max":"0","options":[],"id":1746005995},{"name":"Data de Naixement","type":"datepicker","position":6,"required":true,"title_format":"label","default":"","description_enable":false,"description":"","placeholder_enable":false,"placeholder":"","display":"select","restrictions_type":"any_text","adjust_price":false,"price":"","price_type":"flat_fee","restrictions":false,"min":"0","max":"0","options":[],"id":1746005994},{"name":"Localitat Resid\u00e8ncia","type":"custom_text","position":7,"required":true,"title_format":"label","default":"","description_enable":false,"description":"","placeholder_enable":false,"placeholder":"","display":"select","restrictions_type":"any_text","adjust_price":false,"price":"","price_type":"flat_fee","restrictions":false,"min":"0","max":"0","options":[],"id":1746005996},{"name":"Jugador 2","type":"heading","position":8,"required":false,"title_format":"label","default":"","description_enable":false,"description":"","placeholder_enable":false,"placeholder":"","display":"select","restrictions_type":"any_text","adjust_price":false,"price":"","price_type":"flat_fee","restrictions":false,"min":"0","max":"0","options":[],"id":1746484623},{"name":"Nom i cognoms","type":"custom_text","position":9,"required":true,"title_format":"label","default":"","description_enable":false,"description":"","placeholder_enable":false,"placeholder":"","display":"select","restrictions_type":"any_text","adjust_price":false,"price":"","price_type":"flat_fee","restrictions":false,"min":"0","max":"0","options":[],"id":1746005997},{"name":"Email","type":"custom_text","position":10,"required":true,"title_format":"label","default":"","description_enable":false,"description":"","placeholder_enable":false,"placeholder":"","display":"select","restrictions_type":"any_text","adjust_price":false,"price":"","price_type":"flat_fee","restrictions":false,"min":"0","max":"0","options":[],"id":1746005998},{"name":"M\u00f2bil","type":"custom_text","position":11,"required":true,"title_format":"label","default":"","description_enable":false,"description":"","placeholder_enable":false,"placeholder":"","display":"select","restrictions_type":"any_text","adjust_price":false,"price":"","price_type":"flat_fee","restrictions":false,"min":"0","max":"0","options":[],"id":1746005999},{"name":"DNI","type":"custom_text","position":12,"required":true,"title_format":"label","default":"","description_enable":false,"description":"","placeholder_enable":false,"placeholder":"","display":"select","restrictions_type":"any_text","adjust_price":false,"price":"","price_type":"flat_fee","restrictions":false,"min":"0","max":"0","options":[],"id":1746006001},{"name":"Data de naixement","type":"datepicker","position":13,"required":true,"title_format":"label","default":"","description_enable":false,"description":"","placeholder_enable":false,"placeholder":"","display":"select","restrictions_type":"any_text","adjust_price":false,"price":"","price_type":"flat_fee","restrictions":false,"min":"0","max":"0","options":[],"id":1746006000},{"name":"Localitat resid\u00e8ncia","type":"custom_text","position":14,"required":true,"title_format":"label","default":"","description_enable":false,"description":"","placeholder_enable":false,"placeholder":"","display":"select","restrictions_type":"any_text","adjust_price":false,"price":"","price_type":"flat_fee","restrictions":false,"min":"0","max":"0","options":[],"id":1746006002},{"name":"Acceptaci\u00f3 Condicions Generals 26\u00e8 Circuit Voleiboom","type":"checkbox","position":15,"required":true,"title_format":"label","default":"","description_enable":true,"description":"Declaro haver llegit i compr\u00e8s les Condicions Generals del 26\u00e8 Circuit Voleiboom i accepto expressament el seu contingut i condicions","placeholder_enable":false,"placeholder":"","display":"select","restrictions_type":"any_text","adjust_price":false,"price":"","price_type":"flat_fee","restrictions":false,"min":"0","max":"0","options":[{"label":"S\u00ed, accepto","price":"","price_type":"flat_fee","image":0,"visibility":true}],"id":1774620759}],"_links":{"self":[{"href":"https:\/\/voleiboom.com\/ca\/wp-json\/wp\/v2\/product\/6154","targetHints":{"allow":["GET"]}}],"collection":[{"href":"https:\/\/voleiboom.com\/ca\/wp-json\/wp\/v2\/product"}],"about":[{"href":"https:\/\/voleiboom.com\/ca\/wp-json\/wp\/v2\/types\/product"}],"wp:featuredmedia":[{"embeddable":true,"href":"https:\/\/voleiboom.com\/ca\/wp-json\/wp\/v2\/media\/7804"}],"wp:attachment":[{"href":"https:\/\/voleiboom.com\/ca\/wp-json\/wp\/v2\/media?parent=6154"}],"wp:term":[{"taxonomy":"product_cat","embeddable":true,"href":"https:\/\/voleiboom.com\/ca\/wp-json\/wp\/v2\/product_cat?post=6154"},{"taxonomy":"product_tag","embeddable":true,"href":"https:\/\/voleiboom.com\/ca\/wp-json\/wp\/v2\/product_tag?post=6154"}],"curies":[{"name":"wp","href":"https:\/\/api.w.org\/{rel}","templated":true}]}}