{"id":6480,"date":"2025-09-17T21:24:37","date_gmt":"2025-09-17T19:24:37","guid":{"rendered":"https:\/\/voleiboom.com\/?post_type=product&#038;p=6480"},"modified":"2025-11-13T13:38:25","modified_gmt":"2025-11-13T11:38:25","slug":"quota-dafiliacio-t-25-26-copia","status":"publish","type":"product","link":"https:\/\/voleiboom.com\/ca\/producte\/quota-dafiliacio-t-25-26-copia\/","title":{"rendered":"Quota d&#8217;Afiliaci\u00f3 i Llic\u00e8ncia Menors T. 25\/26"},"content":{"rendered":"<div id=\"product-description-short-17\">\n<p><strong>Inclou:<\/strong> Descomptes als tornejos de v\u00f2lei-platja del club, samarreta del club, llic\u00e8ncia federativa de v\u00f2lei-platja a trav\u00e9s del club. Tamb\u00e9 ens permet mantenir les xarxes de la zona P\u00e8ndul i representar al jugador\/a davant possibles queixes\/sugger\u00e8ncies a l&#8217;Ajuntament o la Federaci\u00f3.<\/p>\n<p>V\u00e0lida fins el 30 de setembre.<\/p>\n<\/div>\n<p style=\"text-align: left;\"><strong>V\u00edncle d&#8217;origen:<\/strong><br \/>\nSegons l&#8217;article 7 del <em>Reglament General de la Federaci\u00f3 Catalana de Voleibol<\/em>, informem als jugadors i jugadores que, al ser Voleiboom el seu primer club amb llic\u00e8ncia federativa de v\u00f2lei-platja, tindr\u00e0 els drets esportius d&#8217;aquests jugadors\/es. Aquesta mesura t\u00e9 com a objectiu ajudar als clubs a fomentar l&#8217;esport i evitar que altres clubs fitxin de forma indiscriminada a jugadors\/es que ja han sigut formats en altres entitats. En cas que aix\u00f2 passia, s&#8217;haur\u00e0 de compensar al club d&#8217;origen.<\/p>\n<p style=\"text-align: left;\">Si un jugador\/a vol canviar de club, haur\u00e0 d&#8217;informar primer a Voleiboom, i despr\u00e9s el nou club haur\u00e0 de comunicar-ho al nostre. Les families no podran participar a les negociacions d&#8217;aquests drets de formaci\u00f3, donat que aix\u00f2 est\u00e0 penalitzat amb una multa econ\u00f2mica extraordin\u00e0ria.<\/p>\n<p style=\"text-align: left;\">Durant per\u00edodes de vacances com Nadal, si un jugador\/a vol participar a activitats o campus organitzats per entitats diferents del club d&#8217; origen, ho haur\u00e0 de comunicar pr\u00e8viament al club i esperar l&#8217;autoritzaci\u00f3 abans de formalitzar la inscripci\u00f3 fora del club. Aix\u00f2 \u00e9s important perque el club \u00e9s responsable de vetllar <span class=\"Y2IQFc\" lang=\"ca\">pel rendiment, planificaci\u00f3 i prevenci\u00f3 de possibles lesions del jugador\/a. En qualsevol cas, els jugadors\/es hauran de participar als entrenaments que organitzi el club durant aquest per\u00edode.<\/span><\/p>\n","protected":false},"excerpt":{"rendered":"<p>Quota d&#8217;Afiliaci\u00f3<\/p>\n","protected":false},"featured_media":6482,"template":"","meta":{"inline_featured_image":false},"product_cat":[102],"product_tag":[],"class_list":{"0":"post-6480","1":"product","2":"type-product","3":"status-publish","4":"has-post-thumbnail","6":"product_cat-inscripcions-club-ca","8":"first","9":"instock","10":"virtual","11":"sold-individually","12":"purchasable","13":"product-type-simple"},"exclude_global_add_ons":false,"addons":[{"name":"Nom i cognoms","type":"custom_text","position":0,"required":true,"title_format":"label","default":"","description_enable":false,"description":"","placeholder_enable":false,"placeholder":"","display":"select","restrictions_type":"any_text","adjust_price":false,"price":"","price_type":"flat_fee","restrictions":false,"min":"0","max":"0","options":[],"id":1745969702},{"name":"Email","type":"custom_text","position":1,"required":true,"title_format":"label","default":"","description_enable":false,"description":"","placeholder_enable":false,"placeholder":"","display":"select","restrictions_type":"any_text","adjust_price":false,"price":"","price_type":"flat_fee","restrictions":false,"min":"0","max":"0","options":[],"id":1745969703},{"name":"Movil","type":"custom_text","position":2,"required":true,"title_format":"label","default":"","description_enable":false,"description":"","placeholder_enable":false,"placeholder":"","display":"select","restrictions_type":"any_text","adjust_price":false,"price":"","price_type":"flat_fee","restrictions":false,"min":"0","max":"0","options":[],"id":1745969704},{"name":"Data de naixement","type":"datepicker","position":3,"required":true,"title_format":"label","default":"","description_enable":false,"description":"","placeholder_enable":false,"placeholder":"","display":"select","restrictions_type":"any_text","adjust_price":false,"price":"","price_type":"flat_fee","restrictions":false,"min":"0","max":"0","options":[],"id":1745970225},{"name":"DNI","type":"custom_text","position":4,"required":true,"title_format":"label","default":"","description_enable":false,"description":"","placeholder_enable":false,"placeholder":"","display":"select","restrictions_type":"any_text","adjust_price":false,"price":"","price_type":"flat_fee","restrictions":false,"min":"0","max":"0","options":[],"id":1745970226},{"name":"Adre\u00e7a Completa","type":"custom_text","position":5,"required":true,"title_format":"label","default":"","description_enable":false,"description":"","placeholder_enable":false,"placeholder":"","display":"select","restrictions_type":"any_text","adjust_price":false,"price":"","price_type":"flat_fee","restrictions":false,"min":"0","max":"0","options":[],"id":1751014537},{"name":"Codi Postal i Poblaci\u00f3","type":"custom_text","position":6,"required":true,"title_format":"label","default":"","description_enable":false,"description":"","placeholder_enable":false,"placeholder":"","display":"select","restrictions_type":"any_text","adjust_price":false,"price":"","price_type":"flat_fee","restrictions":false,"min":"0","max":"0","options":[],"id":1751014538},{"name":"Nom Mare\/Pare\/Tutor (en cas de menors)","type":"custom_text","position":7,"required":false,"title_format":"label","default":"","description_enable":false,"description":"","placeholder_enable":false,"placeholder":"","display":"select","restrictions_type":"any_text","adjust_price":false,"price":"","price_type":"flat_fee","restrictions":false,"min":"0","max":"0","options":[],"id":1745970436},{"name":"Acceptaci\u00f3 Vincle d'Origen","type":"checkbox","position":8,"required":true,"title_format":"label","default":"","description_enable":true,"description":"Declaro haver llegit i compr\u00e8s les cl\u00e0usules de vinculaci\u00f3 d'origen i n'accepto expressament el contingut i les condicions","placeholder_enable":false,"placeholder":"","display":"select","restrictions_type":"any_text","adjust_price":false,"price":"","price_type":"flat_fee","restrictions":false,"min":"0","max":"0","options":[{"label":"S\u00ed, accepto","price":"","price_type":"flat_fee","image":0,"visibility":true}],"id":1749209768},{"name":"Talla de samarreta","type":"custom_text","position":9,"required":true,"title_format":"label","default":"","description_enable":false,"description":"","placeholder_enable":false,"placeholder":"","display":"select","restrictions_type":"any_text","adjust_price":false,"price":"","price_type":"flat_fee","restrictions":false,"min":"0","max":"0","options":[],"id":1745970435}],"_links":{"self":[{"href":"https:\/\/voleiboom.com\/ca\/wp-json\/wp\/v2\/product\/6480","targetHints":{"allow":["GET"]}}],"collection":[{"href":"https:\/\/voleiboom.com\/ca\/wp-json\/wp\/v2\/product"}],"about":[{"href":"https:\/\/voleiboom.com\/ca\/wp-json\/wp\/v2\/types\/product"}],"wp:featuredmedia":[{"embeddable":true,"href":"https:\/\/voleiboom.com\/ca\/wp-json\/wp\/v2\/media\/6482"}],"wp:attachment":[{"href":"https:\/\/voleiboom.com\/ca\/wp-json\/wp\/v2\/media?parent=6480"}],"wp:term":[{"taxonomy":"product_cat","embeddable":true,"href":"https:\/\/voleiboom.com\/ca\/wp-json\/wp\/v2\/product_cat?post=6480"},{"taxonomy":"product_tag","embeddable":true,"href":"https:\/\/voleiboom.com\/ca\/wp-json\/wp\/v2\/product_tag?post=6480"}],"curies":[{"name":"wp","href":"https:\/\/api.w.org\/{rel}","templated":true}]}}