{"id":6856,"date":"2025-09-18T12:36:49","date_gmt":"2025-09-18T10:36:49","guid":{"rendered":"https:\/\/voleiboom.com\/?post_type=product&#038;p=6856"},"modified":"2026-01-15T11:31:34","modified_gmt":"2026-01-15T09:31:34","slug":"pantalo-xandall-unisex","status":"publish","type":"product","link":"https:\/\/voleiboom.com\/ca\/producte\/pantalo-xandall-unisex\/","title":{"rendered":"PANTAL\u00d3 XANDALL UNISEX"},"content":{"rendered":"<p>85% Poli\u00e8ster, 15% Elast\u00e0, 235 grs\/m2<br \/>\n<img loading=\"lazy\" decoding=\"async\" class=\"alignnone size-medium wp-image-4067\" src=\"https:\/\/voleiboom.com\/wp-content\/uploads\/2019\/06\/TALLAS-PANTALON-CHANDAL-300x242.png\" alt=\"\" width=\"300\" height=\"242\" srcset=\"https:\/\/voleiboom.com\/wp-content\/uploads\/2019\/06\/TALLAS-PANTALON-CHANDAL-300x242.png 300w, https:\/\/voleiboom.com\/wp-content\/uploads\/2019\/06\/TALLAS-PANTALON-CHANDAL.png 390w\" sizes=\"auto, (max-width: 300px) 100vw, 300px\" \/><\/p>\n","protected":false},"excerpt":{"rendered":"<p>85% Poli\u00e8ster, 15% Elast\u00e0, 235 grs\/m2<\/p>\n","protected":false},"featured_media":5353,"template":"","meta":{"inline_featured_image":false},"product_cat":[117],"product_tag":[],"class_list":{"0":"post-6856","1":"product","2":"type-product","3":"status-publish","4":"has-post-thumbnail","6":"product_cat-roba-dhivern-ca-2","8":"first","9":"instock","10":"shipping-taxable","11":"purchasable","12":"product-type-simple"},"exclude_global_add_ons":[],"addons":[],"_links":{"self":[{"href":"https:\/\/voleiboom.com\/ca\/wp-json\/wp\/v2\/product\/6856","targetHints":{"allow":["GET"]}}],"collection":[{"href":"https:\/\/voleiboom.com\/ca\/wp-json\/wp\/v2\/product"}],"about":[{"href":"https:\/\/voleiboom.com\/ca\/wp-json\/wp\/v2\/types\/product"}],"wp:featuredmedia":[{"embeddable":true,"href":"https:\/\/voleiboom.com\/ca\/wp-json\/wp\/v2\/media\/5353"}],"wp:attachment":[{"href":"https:\/\/voleiboom.com\/ca\/wp-json\/wp\/v2\/media?parent=6856"}],"wp:term":[{"taxonomy":"product_cat","embeddable":true,"href":"https:\/\/voleiboom.com\/ca\/wp-json\/wp\/v2\/product_cat?post=6856"},{"taxonomy":"product_tag","embeddable":true,"href":"https:\/\/voleiboom.com\/ca\/wp-json\/wp\/v2\/product_tag?post=6856"}],"curies":[{"name":"wp","href":"https:\/\/api.w.org\/{rel}","templated":true}]}}