{"id":7596,"date":"2026-03-12T13:46:20","date_gmt":"2026-03-12T11:46:20","guid":{"rendered":"https:\/\/voleiboom.com\/?post_type=product&#038;p=7596"},"modified":"2026-04-20T00:00:06","modified_gmt":"2026-04-19T22:00:06","slug":"voleiboom-international-beach-volleyball-camp-by-javier-bosma-copia__trashed","status":"publish","type":"product","link":"https:\/\/voleiboom.com\/ca\/producte\/voleiboom-international-beach-volleyball-camp-by-javier-bosma-copia__trashed\/","title":{"rendered":"Voleiboom International Beach Volleyball Camp by Javier Bosma (copia)"},"content":{"rendered":"<div>\n<div><b>QU\u00c9 INCLOU? \/ WHAT DOES IT INCLUDE?<\/b><\/div>\n<ul>\n<li>Pack de benvinguda: Copa de benvinguda + ampolla + samarreta \/ Welcome pack: Welcome glass + bottle + t-shirt<\/li>\n<li>6 entrenaments de 1h30m + 2 cl\u00ednics te\u00f2rics + torneig social + aigua \/ 6 training sessions of 1h30m + 2 theoretical clinics + social tournament + water<\/li>\n<li>Inscripci\u00f3 d&#8217;un dia a la tercera prova de la 26a edici\u00f3 del Circuit Voleiboom (categoria a escollir) \/ One-day entry to the third event of the 26th edition of the Voleiboom Circuit (category to choose)<\/li>\n<li>Tarda lliure entre setmana per visitar la ciutat \/ Free afternoon during the week to visit the city<\/li>\n<\/ul>\n<p><b>NO INCLOU \/ NOT INCLUDED:<\/b><\/p>\n<\/div>\n<div>\n<ul>\n<li>Sopar de comiat dijous 9 de juliol \/ Farewell dinner Thursday, July 9th<\/li>\n<li>Allotjament \/ Accomodation<\/li>\n<\/ul>\n<\/div>\n","protected":false},"excerpt":{"rendered":"<p>VOLEIBOOM INTERNATIONAL BEACH VOLLEYBALL CAMP BY JAVIER BOSMA<\/p>\n","protected":false},"featured_media":7545,"template":"","meta":{"inline_featured_image":false},"product_cat":[101,121],"product_tag":[],"class_list":{"0":"post-7596","1":"product","2":"type-product","3":"status-publish","4":"has-post-thumbnail","6":"product_cat-events-ca","7":"product_cat-training-camps-ca","9":"first","10":"instock","11":"sale","12":"virtual","13":"purchasable","14":"product-type-simple"},"exclude_global_add_ons":false,"addons":{"0":{"name":"Nom i cognoms \/ Name and Surname","type":"custom_text","position":0,"required":true,"title_format":"label","default":"","description_enable":false,"description":"","placeholder_enable":false,"placeholder":"","display":"select","restrictions_type":"any_text","adjust_price":false,"price":"","price_type":"flat_fee","restrictions":false,"min":"0","max":"0","options":[],"id":1745969702},"1":{"name":"Correu Electr\u00f2nic \/ E-mail","type":"custom_text","position":1,"required":true,"title_format":"label","default":"","description_enable":false,"description":"","placeholder_enable":false,"placeholder":"","display":"select","restrictions_type":"any_text","adjust_price":false,"price":"","price_type":"flat_fee","restrictions":false,"min":"0","max":"0","options":[],"id":1745969703},"2":{"name":"Tel\u00e8fon de contacte \/ Phone Number","type":"custom_text","position":2,"required":true,"title_format":"label","default":"","description_enable":false,"description":"","placeholder_enable":false,"placeholder":"","display":"select","restrictions_type":"any_text","adjust_price":false,"price":"","price_type":"flat_fee","restrictions":false,"min":"0","max":"0","options":[],"id":1745969704},"3":{"name":"Data de naixement \/ Date of Birth","type":"datepicker","position":3,"required":true,"title_format":"label","default":"","description_enable":false,"description":"","placeholder_enable":false,"placeholder":"","display":"select","restrictions_type":"any_text","adjust_price":false,"price":"","price_type":"flat_fee","restrictions":false,"min":"0","max":"0","options":[],"id":1745970225},"4":{"name":"DNI \/ Passaport \/ NIE - Passport","type":"custom_text","position":4,"required":true,"title_format":"label","default":"","description_enable":false,"description":"","placeholder_enable":false,"placeholder":"","display":"select","restrictions_type":"any_text","adjust_price":false,"price":"","price_type":"flat_fee","restrictions":false,"min":"0","max":"0","options":[],"id":1745970435},"5":{"name":"Resid\u00e8ncia (poblaci\u00f3, prov\u00edncia, pa\u00eds) \/ Place of residence (city, country)","type":"custom_text","position":5,"required":true,"title_format":"label","default":"","description_enable":false,"description":"","placeholder_enable":false,"placeholder":"","display":"select","restrictions_type":"any_text","adjust_price":false,"price":"","price_type":"flat_fee","restrictions":false,"min":"0","max":"0","options":[],"id":1745970226},"11":{"name":"Escollir a quin grup t'inscrius \/ Choose which group you sign up for","type":"multiple_choice","position":6,"required":false,"title_format":"label","default":"","description_enable":false,"description":"","placeholder_enable":false,"placeholder":"","display":"select","restrictions_type":"any_text","adjust_price":false,"price":"","price_type":"flat_fee","restrictions":false,"min":"0","max":"0","options":[{"label":"Grup 1: Majors de 18 anys \/ Over 18 years old","price":"","price_type":"flat_fee","image":0,"visibility":true},{"label":"Grup 2: Menors de 12 a 17 anys \/ Minors from 12 to 17 years old","price":"","price_type":"flat_fee","image":0,"visibility":true}],"id":1772537501},"6":{"name":"Quant de temps fa que jugues a v\u00f2lei platja? \/ How long have you been playing beach volleyball?","type":"multiple_choice","position":7,"required":true,"title_format":"label","default":"","description_enable":false,"description":"","placeholder_enable":false,"placeholder":"","display":"select","restrictions_type":"any_text","adjust_price":false,"price":"","price_type":"flat_fee","restrictions":false,"min":"0","max":"0","options":[{"label":"Menys d'1 any \/ Less than 1 year","price":"","price_type":"flat_fee","image":0,"visibility":true},{"label":"Entre 1 i 3 anys \/ Between 1 and 3 years","price":"","price_type":"flat_fee","image":0,"visibility":true},{"label":"Entre 3 i 5 anys \/ Between 3 and 5 years","price":"","price_type":"flat_fee","image":0,"visibility":true},{"label":"M\u00e9s de 5 anys \/ More than 5 years","price":"","price_type":"flat_fee","image":0,"visibility":true}],"id":1749034995},"7":{"name":"Amb quina freq\u00fc\u00e8ncia entrenes? \/ How often do you train?","type":"multiple_choice","position":8,"required":true,"title_format":"label","default":"","description_enable":false,"description":"","placeholder_enable":false,"placeholder":"","display":"select","restrictions_type":"any_text","adjust_price":false,"price":"","price_type":"flat_fee","restrictions":false,"min":"0","max":"0","options":[{"label":"No entreno \/ I don't train","price":"","price_type":"flat_fee","image":0,"visibility":true},{"label":"Entre 1 i 2 vegades per setmana \/ Between 1 and 2 times a week","price":"","price_type":"flat_fee","image":0,"visibility":true},{"label":"3 o m\u00e9s vegades per setmana \/ 3 or more times a week","price":"","price_type":"flat_fee","image":0,"visibility":true}],"id":1749119354},"8":{"name":"Amb quina freq\u00fc\u00e8ncia jugues? \/ How often do you play?","type":"multiple_choice","position":9,"required":true,"title_format":"label","default":"","description_enable":false,"description":"","placeholder_enable":false,"placeholder":"","display":"select","restrictions_type":"any_text","adjust_price":false,"price":"","price_type":"flat_fee","restrictions":false,"min":"0","max":"0","options":[{"label":"1 cop a la setmana o menys \/ 1 time a week or less","price":"","price_type":"flat_fee","image":0,"visibility":true},{"label":"Entre 1 i 3 vegades per setmana \/ Between 1 and 3 times a week","price":"","price_type":"flat_fee","image":0,"visibility":true},{"label":"Compito en lliga i estic federat \/ I compete in the league and I am federated","price":"","price_type":"flat_fee","image":0,"visibility":true}],"id":1749119355},"9":{"name":"Una altra informaci\u00f3 que vulguis compartir amb nosaltres \/ Other information you would like to share with us (p.e. Jugaba voleipista per\u00f2 ara vull jugar a v\u00f2lei-platja \/ f.e. I used to play court volleyball but now I want to do beach volleyball)","type":"custom_textarea","position":10,"required":false,"title_format":"label","default":"","description_enable":false,"description":"","placeholder_enable":false,"placeholder":"","display":"select","restrictions_type":"any_text","adjust_price":false,"price":"","price_type":"flat_fee","restrictions":false,"min":"0","max":"0","options":[],"id":1749119356},"10":{"name":"Contacte en cas d'emerg\u00e8ncia (nom i telf) \/ Emergency contact (name and phone number)","type":"custom_textarea","position":11,"required":false,"title_format":"label","default":"","description_enable":false,"description":"","placeholder_enable":false,"placeholder":"","display":"select","restrictions_type":"any_text","adjust_price":false,"price":"","price_type":"flat_fee","restrictions":false,"min":"0","max":"0","options":[],"id":1749119357}},"_links":{"self":[{"href":"https:\/\/voleiboom.com\/ca\/wp-json\/wp\/v2\/product\/7596","targetHints":{"allow":["GET"]}}],"collection":[{"href":"https:\/\/voleiboom.com\/ca\/wp-json\/wp\/v2\/product"}],"about":[{"href":"https:\/\/voleiboom.com\/ca\/wp-json\/wp\/v2\/types\/product"}],"wp:featuredmedia":[{"embeddable":true,"href":"https:\/\/voleiboom.com\/ca\/wp-json\/wp\/v2\/media\/7545"}],"wp:attachment":[{"href":"https:\/\/voleiboom.com\/ca\/wp-json\/wp\/v2\/media?parent=7596"}],"wp:term":[{"taxonomy":"product_cat","embeddable":true,"href":"https:\/\/voleiboom.com\/ca\/wp-json\/wp\/v2\/product_cat?post=7596"},{"taxonomy":"product_tag","embeddable":true,"href":"https:\/\/voleiboom.com\/ca\/wp-json\/wp\/v2\/product_tag?post=7596"}],"curies":[{"name":"wp","href":"https:\/\/api.w.org\/{rel}","templated":true}]}}