{"id":7597,"date":"2026-03-02T11:42:13","date_gmt":"2026-03-02T09:42:13","guid":{"rendered":"https:\/\/voleiboom.com\/?post_type=product&#038;p=7597"},"modified":"2026-04-20T00:00:06","modified_gmt":"2026-04-19T22:00:06","slug":"voleiboom-international-beach-volleyball-camp-by-javier-bosma-cat","status":"publish","type":"product","link":"https:\/\/voleiboom.com\/ca\/producte\/voleiboom-international-beach-volleyball-camp-by-javier-bosma-cat\/","title":{"rendered":"Voleiboom International Beach Volleyball Camp by Javier Bosma (cat.)"},"content":{"rendered":"<div>\n<p><strong>QU\u00c8 INCLOU?<\/strong><\/p>\n<ul>\n<li>Pack de benvinguda: ampolla + samarreta<\/li>\n<li>Programa Esportiu:\n<ul>\n<li>6 entrenaments de 1h 30min (9 hores totals)<\/li>\n<li>2 cl\u00ednics te\u00f2rics amb Javier Bosma<\/li>\n<li>Pistes disponibles durant tot el campus<\/li>\n<li>Torneig social<\/li>\n<li>Torneig Kings and Queens of the Court<\/li>\n<li>Inscripci\u00f3 1 dia a la 3a prova del 26\u00e8 Circuit Voleiboom (11\u201312 jul)<\/li>\n<\/ul>\n<\/li>\n<li>Serveis:\n<ul>\n<li>Aigua durant les activitats del campus<\/li>\n<li>Fotografies de l&#8217;esdeveniment<\/li>\n<li>Pistes per a joc lliure<\/li>\n<li>Asseguran\u00e7a m\u00e8dica en activitats d&#8217;entrenament<\/li>\n<li>Carpa privada amb ombra i m\u00fasica<\/li>\n<\/ul>\n<\/li>\n<li>Sopar de comiat Dijous 9 de juliol (preu no incl\u00f2s)<\/li>\n<\/ul>\n<p><strong>NO INCLOU:<\/strong><\/p>\n<ul>\n<li>Activitats extra (p.e. Caiac\/Paddle Surf)<\/li>\n<li>Allotjament 3* o similar<\/li>\n<\/ul>\n<p><strong>CONDICIONS GENERALS \/ GENERAL TERMS AND CONDITIONS:<\/strong><\/p>\n<\/div>\n<div>\n<ul>\n<li style=\"list-style-type: none;\">\n<ul>\n<li>Catal\u00e0:<a href=\"https:\/\/voleiboom.com\/wp-content\/uploads\/2026\/03\/Condicions-Generals_Voleiboom-Activitats-i-Campus-Esportius.pdf\">https:\/\/voleiboom.com\/wp-content\/uploads\/2026\/03\/Condicions-Generals_Voleiboom-Activitats-i-Campus-Esportius.pdf<\/a><\/li>\n<\/ul>\n<\/li>\n<\/ul>\n<\/div>\n","protected":false},"excerpt":{"rendered":"<p>VOLEIBOOM INTERNATIONAL BEACH VOLLEYBALL CAMP BY JAVIER BOSMA<\/p>\n","protected":false},"featured_media":7545,"template":"","meta":{"inline_featured_image":false},"product_cat":[101,121],"product_tag":[],"class_list":{"0":"post-7597","1":"product","2":"type-product","3":"status-publish","4":"has-post-thumbnail","6":"product_cat-events-ca","7":"product_cat-training-camps-ca","9":"first","10":"instock","11":"sale","12":"virtual","13":"purchasable","14":"product-type-simple"},"exclude_global_add_ons":false,"addons":[{"name":"Nom i cognoms","type":"custom_text","position":0,"required":true,"title_format":"label","default":"","description_enable":false,"description":"","placeholder_enable":false,"placeholder":"","display":"select","restrictions_type":"any_text","adjust_price":false,"price":"","price_type":"flat_fee","restrictions":false,"min":"0","max":"0","options":[],"id":1745969702},{"name":"Correu Electr\u00f2nic","type":"custom_text","position":1,"required":true,"title_format":"label","default":"","description_enable":false,"description":"","placeholder_enable":false,"placeholder":"","display":"select","restrictions_type":"any_text","adjust_price":false,"price":"","price_type":"flat_fee","restrictions":false,"min":"0","max":"0","options":[],"id":1745969703},{"name":"Tel\u00e8fon de contacte","type":"custom_text","position":2,"required":true,"title_format":"label","default":"","description_enable":false,"description":"","placeholder_enable":false,"placeholder":"","display":"select","restrictions_type":"any_text","adjust_price":false,"price":"","price_type":"flat_fee","restrictions":false,"min":"0","max":"0","options":[],"id":1745969704},{"name":"Data de naixement","type":"datepicker","position":3,"required":true,"title_format":"label","default":"","description_enable":false,"description":"","placeholder_enable":false,"placeholder":"","display":"select","restrictions_type":"any_text","adjust_price":false,"price":"","price_type":"flat_fee","restrictions":false,"min":"0","max":"0","options":[],"id":1745970225},{"name":"DNI \/ Passaport \/ NIE","type":"custom_text","position":4,"required":true,"title_format":"label","default":"","description_enable":false,"description":"","placeholder_enable":false,"placeholder":"","display":"select","restrictions_type":"any_text","adjust_price":false,"price":"","price_type":"flat_fee","restrictions":false,"min":"0","max":"0","options":[],"id":1745970435},{"name":"Resid\u00e8ncia (poblaci\u00f3, prov\u00edncia, pa\u00eds)","type":"custom_text","position":5,"required":true,"title_format":"label","default":"","description_enable":false,"description":"","placeholder_enable":false,"placeholder":"","display":"select","restrictions_type":"any_text","adjust_price":false,"price":"","price_type":"flat_fee","restrictions":false,"min":"0","max":"0","options":[],"id":1745970226},{"name":"Escollir a quin grup t'inscrius","type":"multiple_choice","position":6,"required":true,"title_format":"label","default":"","description_enable":false,"description":"","placeholder_enable":false,"placeholder":"","display":"select","restrictions_type":"any_text","adjust_price":false,"price":"","price_type":"flat_fee","restrictions":false,"min":"0","max":"0","options":[{"label":"Grup 1: Majors de 18 anys","price":"","price_type":"flat_fee","image":0,"visibility":true},{"label":"Grup 2: Menors de 12 a 17 anys","price":"","price_type":"flat_fee","image":0,"visibility":true}],"id":1772537425},{"name":"Talla de samarreta","type":"custom_text","position":7,"required":false,"title_format":"label","default":"","description_enable":false,"description":"","placeholder_enable":false,"placeholder":"","display":"select","restrictions_type":"any_text","adjust_price":false,"price":"","price_type":"flat_fee","restrictions":false,"min":"0","max":"0","options":[],"id":1773324389},{"name":"Quant de temps fa que jugues a v\u00f2lei platja?","type":"multiple_choice","position":8,"required":true,"title_format":"label","default":"","description_enable":false,"description":"","placeholder_enable":false,"placeholder":"","display":"select","restrictions_type":"any_text","adjust_price":false,"price":"","price_type":"flat_fee","restrictions":false,"min":"0","max":"0","options":[{"label":"Menys d'1 any","price":"","price_type":"flat_fee","image":0,"visibility":true},{"label":"Entre 1 i 3 anys","price":"","price_type":"flat_fee","image":0,"visibility":true},{"label":"Entre 3 i 5 anys","price":"","price_type":"flat_fee","image":0,"visibility":true},{"label":"M\u00e9s de 5 anys","price":"","price_type":"flat_fee","image":0,"visibility":true}],"id":1749034995},{"name":"Amb quina freq\u00fc\u00e8ncia entrenes?","type":"multiple_choice","position":9,"required":true,"title_format":"label","default":"","description_enable":false,"description":"","placeholder_enable":false,"placeholder":"","display":"select","restrictions_type":"any_text","adjust_price":false,"price":"","price_type":"flat_fee","restrictions":false,"min":"0","max":"0","options":[{"label":"No entreno","price":"","price_type":"flat_fee","image":0,"visibility":true},{"label":"Entre 1 i 2 vegades per setmana","price":"","price_type":"flat_fee","image":0,"visibility":true},{"label":"3 o m\u00e9s vegades per setmana","price":"","price_type":"flat_fee","image":0,"visibility":true}],"id":1749119354},{"name":"Amb quina freq\u00fc\u00e8ncia jugues?","type":"multiple_choice","position":10,"required":true,"title_format":"label","default":"","description_enable":false,"description":"","placeholder_enable":false,"placeholder":"","display":"select","restrictions_type":"any_text","adjust_price":false,"price":"","price_type":"flat_fee","restrictions":false,"min":"0","max":"0","options":[{"label":"1 cop a la setmana o menys","price":"","price_type":"flat_fee","image":0,"visibility":true},{"label":"Entre 1 i 3 vegades per setmana","price":"","price_type":"flat_fee","image":0,"visibility":true},{"label":"Competeixo en lliga i estic federat","price":"","price_type":"flat_fee","image":0,"visibility":true}],"id":1749119355},{"name":"Una altra informaci\u00f3 que vulguis compartir amb nosaltres","type":"custom_textarea","position":11,"required":false,"title_format":"label","default":"","description_enable":false,"description":"","placeholder_enable":false,"placeholder":"","display":"select","restrictions_type":"any_text","adjust_price":false,"price":"","price_type":"flat_fee","restrictions":false,"min":"0","max":"0","options":[],"id":1749119356},{"name":"Contacte en cas d'emerg\u00e8ncia (nom i telf)","type":"custom_textarea","position":12,"required":false,"title_format":"label","default":"","description_enable":false,"description":"","placeholder_enable":false,"placeholder":"","display":"select","restrictions_type":"any_text","adjust_price":false,"price":"","price_type":"flat_fee","restrictions":false,"min":"0","max":"0","options":[],"id":1749119357},{"name":"Categoria en qu\u00e8 desitges participar a la 3a prova del Circuit Voleiboom","type":"multiple_choice","position":13,"required":true,"title_format":"label","default":"","description_enable":false,"description":"","placeholder_enable":false,"placeholder":"","display":"select","restrictions_type":"any_text","adjust_price":false,"price":"","price_type":"flat_fee","restrictions":false,"min":"0","max":"0","options":[{"label":"2x2 Masc","price":"","price_type":"flat_fee","image":0,"visibility":true},{"label":"2x2 Fem","price":"","price_type":"flat_fee","image":0,"visibility":true},{"label":"2x2 Mixte","price":"","price_type":"flat_fee","image":0,"visibility":true},{"label":"4x4 Open","price":"","price_type":"flat_fee","image":0,"visibility":false},{"label":"2x2 Menors","price":"","price_type":"flat_fee","image":0,"visibility":true}],"id":1772710181},{"name":"Si tens parella\/equip confirmada per al torneig Voleiboom, indica aqu\u00ed el nom","type":"custom_text","position":14,"required":false,"title_format":"label","default":"","description_enable":false,"description":"","placeholder_enable":false,"placeholder":"","display":"select","restrictions_type":"any_text","adjust_price":false,"price":"","price_type":"flat_fee","restrictions":false,"min":"0","max":"0","options":[],"id":1772710180},{"name":"Necessites allotjament?","type":"multiple_choice","position":15,"required":false,"title_format":"label","default":"","description_enable":false,"description":"","placeholder_enable":false,"placeholder":"","display":"select","restrictions_type":"any_text","adjust_price":false,"price":"","price_type":"flat_fee","restrictions":false,"min":"0","max":"0","options":[{"label":"Si","price":"","price_type":"flat_fee","image":0,"visibility":true},{"label":"No","price":"","price_type":"flat_fee","image":0,"visibility":true}],"id":1772710182},{"name":"He llegit i accepto les condicions generals","type":"checkbox","position":16,"required":true,"title_format":"label","default":"","description_enable":false,"description":"","placeholder_enable":false,"placeholder":"","display":"select","restrictions_type":"any_text","adjust_price":false,"price":"","price_type":"flat_fee","restrictions":false,"min":"0","max":"0","options":[{"label":"S\u00ed","price":"","price_type":"flat_fee","image":0,"visibility":true}],"id":1772710183}],"_links":{"self":[{"href":"https:\/\/voleiboom.com\/ca\/wp-json\/wp\/v2\/product\/7597","targetHints":{"allow":["GET"]}}],"collection":[{"href":"https:\/\/voleiboom.com\/ca\/wp-json\/wp\/v2\/product"}],"about":[{"href":"https:\/\/voleiboom.com\/ca\/wp-json\/wp\/v2\/types\/product"}],"wp:featuredmedia":[{"embeddable":true,"href":"https:\/\/voleiboom.com\/ca\/wp-json\/wp\/v2\/media\/7545"}],"wp:attachment":[{"href":"https:\/\/voleiboom.com\/ca\/wp-json\/wp\/v2\/media?parent=7597"}],"wp:term":[{"taxonomy":"product_cat","embeddable":true,"href":"https:\/\/voleiboom.com\/ca\/wp-json\/wp\/v2\/product_cat?post=7597"},{"taxonomy":"product_tag","embeddable":true,"href":"https:\/\/voleiboom.com\/ca\/wp-json\/wp\/v2\/product_tag?post=7597"}],"curies":[{"name":"wp","href":"https:\/\/api.w.org\/{rel}","templated":true}]}}